{"id":17457,"date":"2019-11-21T16:21:24","date_gmt":"2019-11-21T15:21:24","guid":{"rendered":"http:\/\/carburatori-italia.it\/prodotto\/mercedes-solex-32-paita-emulsion-tube-holder\/"},"modified":"2026-03-26T11:04:59","modified_gmt":"2026-03-26T10:04:59","slug":"mercedes-solex-32-paita-emulsion-tube-holder","status":"publish","type":"product","link":"https:\/\/carburatori-italia.it\/en\/negozio\/mercedes-solex-32-paita-emulsion-tube-holder\/","title":{"rendered":"MERCEDES SOLEX 32 PAITA EMULSION TUBE HOLDER"},"content":{"rendered":"<div>\n<div>\n<div><\/div>\n<\/div>\n<div><\/div>\n<p><strong>SOLEX 32 PAITA EMULSION TUBE HOLDER.<\/strong><\/p>\n<p>NEW OLD STOCK.<\/p>\n<p>The total length of the unit is 44 mm.<\/p>\n<p>The price indicated is for each unit.<\/p>\n<div><\/div>\n<\/div>\n<p>&nbsp;<\/p>","protected":false},"excerpt":{"rendered":"<p>SOLEX 32 PAITA EMULSION TUBE HOLDER. NEW OLD STOCK. The total length of the unit is 44mm. The indicated price<\/p>","protected":false},"featured_media":16213,"comment_status":"closed","ping_status":"closed","template":"","meta":[],"product_cat":[334,559,633],"product_tag":[],"class_list":["post-17457","product","type-product","status-publish","has-post-thumbnail","hentry","product_cat-solex-it","product_cat-carburetor-parts","product_cat-32-paita","pa_condizione-new","tm-no-options"],"yoast_head":"<!-- This site is optimized with the Yoast SEO plugin v26.7 - https:\/\/yoast.com\/wordpress\/plugins\/seo\/ -->\n<title>PORTA TUBO EMULSIONE MERCEDES SOLEX 32 PAITA - Carburatori Italia<\/title>\n<meta name=\"description\" content=\"PORTA TUBO EMULSIONE MERCEDES SOLEX 32 PAITA PORTA TUBO EMULSIONE SOLEX 32 PAITA. NUOVO VECCHIO STOCK. La lunghezza totale dell&#039;unit\u00e0 \u00e8 di 44 mm. Il prezzo indicato \u00e8 per ogni unit\u00e0.\" \/>\n<meta name=\"robots\" content=\"index, follow, max-snippet:-1, max-image-preview:large, max-video-preview:-1\" \/>\n<link rel=\"canonical\" href=\"https:\/\/carburatori-italia.it\/en\/negozio\/mercedes-solex-32-paita-emulsion-tube-holder\/\" \/>\n<meta property=\"og:locale\" content=\"en_GB\" \/>\n<meta property=\"og:type\" content=\"article\" \/>\n<meta property=\"og:title\" content=\"PORTA TUBO EMULSIONE MERCEDES SOLEX 32 PAITA - Carburatori Italia\" \/>\n<meta property=\"og:description\" content=\"PORTA TUBO EMULSIONE MERCEDES SOLEX 32 PAITA PORTA TUBO EMULSIONE SOLEX 32 PAITA. NUOVO VECCHIO STOCK. La lunghezza totale dell&#039;unit\u00e0 \u00e8 di 44 mm. Il prezzo indicato \u00e8 per ogni unit\u00e0.\" \/>\n<meta property=\"og:url\" content=\"https:\/\/carburatori-italia.it\/en\/negozio\/mercedes-solex-32-paita-emulsion-tube-holder\/\" \/>\n<meta property=\"og:site_name\" content=\"Carburatori Italia\" \/>\n<meta property=\"article:modified_time\" content=\"2026-03-26T10:04:59+00:00\" \/>\n<meta property=\"og:image\" content=\"https:\/\/carburatori-italia.it\/wp-content\/uploads\/2019\/11\/CL-5d4efca81bdbc6.48351110.jpg\" \/>\n\t<meta property=\"og:image:width\" content=\"1000\" \/>\n\t<meta property=\"og:image:height\" content=\"1000\" \/>\n\t<meta property=\"og:image:type\" content=\"image\/jpeg\" \/>\n<meta name=\"twitter:card\" content=\"summary_large_image\" \/>\n<script type=\"application\/ld+json\" class=\"yoast-schema-graph\">{\"@context\":\"https:\/\/schema.org\",\"@graph\":[{\"@type\":\"WebPage\",\"@id\":\"https:\/\/carburatori-italia.it\/en\/negozio\/mercedes-solex-32-paita-emulsion-tube-holder\/\",\"url\":\"https:\/\/carburatori-italia.it\/en\/negozio\/mercedes-solex-32-paita-emulsion-tube-holder\/\",\"name\":\"PORTA TUBO EMULSIONE MERCEDES SOLEX 32 PAITA - Carburatori Italia\",\"isPartOf\":{\"@id\":\"https:\/\/carburatori-italia.it\/en\/#website\"},\"primaryImageOfPage\":{\"@id\":\"https:\/\/carburatori-italia.it\/en\/negozio\/mercedes-solex-32-paita-emulsion-tube-holder\/#primaryimage\"},\"image\":{\"@id\":\"https:\/\/carburatori-italia.it\/en\/negozio\/mercedes-solex-32-paita-emulsion-tube-holder\/#primaryimage\"},\"thumbnailUrl\":\"https:\/\/carburatori-italia.it\/wp-content\/uploads\/2019\/11\/CL-5d4efca81bdbc6.48351110.jpg\",\"datePublished\":\"2019-11-21T15:21:24+00:00\",\"dateModified\":\"2026-03-26T10:04:59+00:00\",\"description\":\"PORTA TUBO EMULSIONE MERCEDES SOLEX 32 PAITA PORTA TUBO EMULSIONE SOLEX 32 PAITA. NUOVO VECCHIO STOCK. La lunghezza totale dell'unit\u00e0 \u00e8 di 44 mm. Il prezzo indicato \u00e8 per ogni unit\u00e0.\",\"breadcrumb\":{\"@id\":\"https:\/\/carburatori-italia.it\/en\/negozio\/mercedes-solex-32-paita-emulsion-tube-holder\/#breadcrumb\"},\"inLanguage\":\"en-GB\",\"potentialAction\":[{\"@type\":\"ReadAction\",\"target\":[\"https:\/\/carburatori-italia.it\/en\/negozio\/mercedes-solex-32-paita-emulsion-tube-holder\/\"]}]},{\"@type\":\"ImageObject\",\"inLanguage\":\"en-GB\",\"@id\":\"https:\/\/carburatori-italia.it\/en\/negozio\/mercedes-solex-32-paita-emulsion-tube-holder\/#primaryimage\",\"url\":\"https:\/\/carburatori-italia.it\/wp-content\/uploads\/2019\/11\/CL-5d4efca81bdbc6.48351110.jpg\",\"contentUrl\":\"https:\/\/carburatori-italia.it\/wp-content\/uploads\/2019\/11\/CL-5d4efca81bdbc6.48351110.jpg\",\"width\":1000,\"height\":1000,\"caption\":\"MERCEDES SOLEX 32 PAITA EMULSION TUBE HOLDER\"},{\"@type\":\"BreadcrumbList\",\"@id\":\"https:\/\/carburatori-italia.it\/en\/negozio\/mercedes-solex-32-paita-emulsion-tube-holder\/#breadcrumb\",\"itemListElement\":[{\"@type\":\"ListItem\",\"position\":1,\"name\":\"Home\",\"item\":\"https:\/\/carburatori-italia.it\/\"},{\"@type\":\"ListItem\",\"position\":2,\"name\":\"Shop\",\"item\":\"https:\/\/carburatori-italia.it\/en\/negozio\/\"},{\"@type\":\"ListItem\",\"position\":3,\"name\":\"PORTA TUBO EMULSIONE MERCEDES SOLEX 32 PAITA\"}]},{\"@type\":\"WebSite\",\"@id\":\"https:\/\/carburatori-italia.it\/en\/#website\",\"url\":\"https:\/\/carburatori-italia.it\/en\/\",\"name\":\"Carburatori Italia\",\"description\":\"Rivendita e Riparazione Carburatori Weber, Dell&#039;Orto, Solex e Ricambistica\",\"potentialAction\":[{\"@type\":\"SearchAction\",\"target\":{\"@type\":\"EntryPoint\",\"urlTemplate\":\"https:\/\/carburatori-italia.it\/en\/?s={search_term_string}\"},\"query-input\":{\"@type\":\"PropertyValueSpecification\",\"valueRequired\":true,\"valueName\":\"search_term_string\"}}],\"inLanguage\":\"en-GB\"}]}<\/script>\n<!-- \/ Yoast SEO plugin. -->","yoast_head_json":{"title":"MERCEDES SOLEX 32 PAITA EMULSION HOSE HOLDER - Carburettors Italy","description":"EMULSION TUBE HOLDER MERCEDES SOLEX 32 PAITA EMULSION TUBE HOLDER SOLEX 32 PAITA. NEW OLD STOCK. The total length of the unit is 44 mm. The price indicated is for each unit.","robots":{"index":"index","follow":"follow","max-snippet":"max-snippet:-1","max-image-preview":"max-image-preview:large","max-video-preview":"max-video-preview:-1"},"canonical":"https:\/\/carburatori-italia.it\/en\/negozio\/mercedes-solex-32-paita-emulsion-tube-holder\/","og_locale":"en_GB","og_type":"article","og_title":"PORTA TUBO EMULSIONE MERCEDES SOLEX 32 PAITA - Carburatori Italia","og_description":"PORTA TUBO EMULSIONE MERCEDES SOLEX 32 PAITA PORTA TUBO EMULSIONE SOLEX 32 PAITA. NUOVO VECCHIO STOCK. La lunghezza totale dell'unit\u00e0 \u00e8 di 44 mm. Il prezzo indicato \u00e8 per ogni unit\u00e0.","og_url":"https:\/\/carburatori-italia.it\/en\/negozio\/mercedes-solex-32-paita-emulsion-tube-holder\/","og_site_name":"Carburatori Italia","article_modified_time":"2026-03-26T10:04:59+00:00","og_image":[{"width":1000,"height":1000,"url":"https:\/\/carburatori-italia.it\/wp-content\/uploads\/2019\/11\/CL-5d4efca81bdbc6.48351110.jpg","type":"image\/jpeg"}],"twitter_card":"summary_large_image","schema":{"@context":"https:\/\/schema.org","@graph":[{"@type":"WebPage","@id":"https:\/\/carburatori-italia.it\/en\/negozio\/mercedes-solex-32-paita-emulsion-tube-holder\/","url":"https:\/\/carburatori-italia.it\/en\/negozio\/mercedes-solex-32-paita-emulsion-tube-holder\/","name":"MERCEDES SOLEX 32 PAITA EMULSION HOSE HOLDER - Carburettors Italy","isPartOf":{"@id":"https:\/\/carburatori-italia.it\/en\/#website"},"primaryImageOfPage":{"@id":"https:\/\/carburatori-italia.it\/en\/negozio\/mercedes-solex-32-paita-emulsion-tube-holder\/#primaryimage"},"image":{"@id":"https:\/\/carburatori-italia.it\/en\/negozio\/mercedes-solex-32-paita-emulsion-tube-holder\/#primaryimage"},"thumbnailUrl":"https:\/\/carburatori-italia.it\/wp-content\/uploads\/2019\/11\/CL-5d4efca81bdbc6.48351110.jpg","datePublished":"2019-11-21T15:21:24+00:00","dateModified":"2026-03-26T10:04:59+00:00","description":"EMULSION TUBE HOLDER MERCEDES SOLEX 32 PAITA EMULSION TUBE HOLDER SOLEX 32 PAITA. NEW OLD STOCK. The total length of the unit is 44 mm. The price indicated is for each unit.","breadcrumb":{"@id":"https:\/\/carburatori-italia.it\/en\/negozio\/mercedes-solex-32-paita-emulsion-tube-holder\/#breadcrumb"},"inLanguage":"en-GB","potentialAction":[{"@type":"ReadAction","target":["https:\/\/carburatori-italia.it\/en\/negozio\/mercedes-solex-32-paita-emulsion-tube-holder\/"]}]},{"@type":"ImageObject","inLanguage":"en-GB","@id":"https:\/\/carburatori-italia.it\/en\/negozio\/mercedes-solex-32-paita-emulsion-tube-holder\/#primaryimage","url":"https:\/\/carburatori-italia.it\/wp-content\/uploads\/2019\/11\/CL-5d4efca81bdbc6.48351110.jpg","contentUrl":"https:\/\/carburatori-italia.it\/wp-content\/uploads\/2019\/11\/CL-5d4efca81bdbc6.48351110.jpg","width":1000,"height":1000,"caption":"MERCEDES SOLEX 32 PAITA EMULSION TUBE HOLDER"},{"@type":"BreadcrumbList","@id":"https:\/\/carburatori-italia.it\/en\/negozio\/mercedes-solex-32-paita-emulsion-tube-holder\/#breadcrumb","itemListElement":[{"@type":"ListItem","position":1,"name":"Home","item":"https:\/\/carburatori-italia.it\/"},{"@type":"ListItem","position":2,"name":"Shop","item":"https:\/\/carburatori-italia.it\/en\/negozio\/"},{"@type":"ListItem","position":3,"name":"PORTA TUBO EMULSIONE MERCEDES SOLEX 32 PAITA"}]},{"@type":"WebSite","@id":"https:\/\/carburatori-italia.it\/en\/#website","url":"https:\/\/carburatori-italia.it\/en\/","name":"Carburettors Italy","description":"Resale and Repair of Weber, Dell &amp; #039; Orto, Solex and Spare Parts","potentialAction":[{"@type":"SearchAction","target":{"@type":"EntryPoint","urlTemplate":"https:\/\/carburatori-italia.it\/en\/?s={search_term_string}"},"query-input":{"@type":"PropertyValueSpecification","valueRequired":true,"valueName":"search_term_string"}}],"inLanguage":"en-GB"}]}},"_links":{"self":[{"href":"https:\/\/carburatori-italia.it\/en\/wp-json\/wp\/v2\/product\/17457","targetHints":{"allow":["GET"]}}],"collection":[{"href":"https:\/\/carburatori-italia.it\/en\/wp-json\/wp\/v2\/product"}],"about":[{"href":"https:\/\/carburatori-italia.it\/en\/wp-json\/wp\/v2\/types\/product"}],"replies":[{"embeddable":true,"href":"https:\/\/carburatori-italia.it\/en\/wp-json\/wp\/v2\/comments?post=17457"}],"wp:featuredmedia":[{"embeddable":true,"href":"https:\/\/carburatori-italia.it\/en\/wp-json\/wp\/v2\/media\/16213"}],"wp:attachment":[{"href":"https:\/\/carburatori-italia.it\/en\/wp-json\/wp\/v2\/media?parent=17457"}],"wp:term":[{"taxonomy":"product_cat","embeddable":true,"href":"https:\/\/carburatori-italia.it\/en\/wp-json\/wp\/v2\/product_cat?post=17457"},{"taxonomy":"product_tag","embeddable":true,"href":"https:\/\/carburatori-italia.it\/en\/wp-json\/wp\/v2\/product_tag?post=17457"}],"curies":[{"name":"wp","href":"https:\/\/api.w.org\/{rel}","templated":true}]}}