{"id":18003,"date":"2019-11-21T16:35:03","date_gmt":"2019-11-21T15:35:03","guid":{"rendered":"http:\/\/carburatori-italia.it\/prodotto\/vw-solex-pict-shaft-return-spring\/"},"modified":"2026-01-09T18:24:46","modified_gmt":"2026-01-09T17:24:46","slug":"vw-solex-pict-shaft-return-spring","status":"publish","type":"product","link":"https:\/\/carburatori-italia.it\/en\/negozio\/vw-solex-pict-shaft-return-spring\/","title":{"rendered":"SPRING SHAFT RETURN VW SOLEX PICT"},"content":{"rendered":"<div>\n<div>\n<div><\/div>\n<\/div>\n<div><\/div>\n<p><strong>VW SOLEX PICT CARBURETOR SHAFT RETURN SPRING<\/strong><\/p>\n<p>New never used.<\/p>\n<p>The buy it now price is for each unit.<\/p>\n<p>The sale is for each unit.<\/p>\n<p>&nbsp;<\/p>\n<div><\/div>\n<\/div>\n<p>&nbsp;<\/p>","protected":false},"excerpt":{"rendered":"<p>MOLLA DI RITORNO ALBERO CARBURATORE VW SOLEX PICT Nuovo mai usato. Il prezzo &#8220;compralo subito&#8221; \u00e8 per ogni unit\u00e0. La<\/p>","protected":false},"featured_media":14673,"comment_status":"closed","ping_status":"closed","template":"","meta":[],"product_cat":[334,559],"product_tag":[],"class_list":["post-18003","product","type-product","status-publish","has-post-thumbnail","hentry","product_cat-solex-it","product_cat-carburetor-parts","pa_condizione-new","tm-no-options"],"yoast_head":"<!-- This site is optimized with the Yoast SEO plugin v26.7 - https:\/\/yoast.com\/wordpress\/plugins\/seo\/ -->\n<title>MOLLA DI RITORNO ALBERO VW SOLEX PICT - Carburatori Italia<\/title>\n<meta name=\"description\" content=\"MOLLA DI RITORNO ALBERO VW SOLEX PICT MOLLA DI RITORNO ALBERO CARBURATORE VW SOLEX PICT Nuovo mai usato. Il prezzo &quot;compralo subito&quot; \u00e8 per ogni unit\u00e0. La vendita \u00e8 per ogni unit\u00e0. &nbsp;\" \/>\n<meta name=\"robots\" content=\"index, follow, max-snippet:-1, max-image-preview:large, max-video-preview:-1\" \/>\n<link rel=\"canonical\" href=\"https:\/\/carburatori-italia.it\/en\/negozio\/vw-solex-pict-shaft-return-spring\/\" \/>\n<meta property=\"og:locale\" content=\"en_GB\" \/>\n<meta property=\"og:type\" content=\"article\" \/>\n<meta property=\"og:title\" content=\"MOLLA DI RITORNO ALBERO VW SOLEX PICT - Carburatori Italia\" \/>\n<meta property=\"og:description\" content=\"MOLLA DI RITORNO ALBERO VW SOLEX PICT MOLLA DI RITORNO ALBERO CARBURATORE VW SOLEX PICT Nuovo mai usato. Il prezzo &quot;compralo subito&quot; \u00e8 per ogni unit\u00e0. La vendita \u00e8 per ogni unit\u00e0. &nbsp;\" \/>\n<meta property=\"og:url\" content=\"https:\/\/carburatori-italia.it\/en\/negozio\/vw-solex-pict-shaft-return-spring\/\" \/>\n<meta property=\"og:site_name\" content=\"Carburatori Italia\" \/>\n<meta property=\"article:modified_time\" content=\"2026-01-09T17:24:46+00:00\" \/>\n<meta property=\"og:image\" content=\"https:\/\/carburatori-italia.it\/wp-content\/uploads\/2019\/11\/CL-5d4efb8d0cd7e0.43175011.jpg\" \/>\n\t<meta property=\"og:image:width\" content=\"1000\" \/>\n\t<meta property=\"og:image:height\" content=\"1000\" \/>\n\t<meta property=\"og:image:type\" content=\"image\/jpeg\" \/>\n<meta name=\"twitter:card\" content=\"summary_large_image\" \/>\n<meta name=\"twitter:label1\" content=\"Estimated reading time\" \/>\n\t<meta name=\"twitter:data1\" content=\"1 minute\" \/>\n<script type=\"application\/ld+json\" class=\"yoast-schema-graph\">{\"@context\":\"https:\/\/schema.org\",\"@graph\":[{\"@type\":\"WebPage\",\"@id\":\"https:\/\/carburatori-italia.it\/negozio\/vw-solex-pict-shaft-return-spring\/\",\"url\":\"https:\/\/carburatori-italia.it\/negozio\/vw-solex-pict-shaft-return-spring\/\",\"name\":\"MOLLA DI RITORNO ALBERO VW SOLEX PICT - Carburatori Italia\",\"isPartOf\":{\"@id\":\"https:\/\/carburatori-italia.it\/en\/#website\"},\"primaryImageOfPage\":{\"@id\":\"https:\/\/carburatori-italia.it\/negozio\/vw-solex-pict-shaft-return-spring\/#primaryimage\"},\"image\":{\"@id\":\"https:\/\/carburatori-italia.it\/negozio\/vw-solex-pict-shaft-return-spring\/#primaryimage\"},\"thumbnailUrl\":\"https:\/\/carburatori-italia.it\/wp-content\/uploads\/2019\/11\/CL-5d4efb8d0cd7e0.43175011.jpg\",\"datePublished\":\"2019-11-21T15:35:03+00:00\",\"dateModified\":\"2026-01-09T17:24:46+00:00\",\"description\":\"MOLLA DI RITORNO ALBERO VW SOLEX PICT MOLLA DI RITORNO ALBERO CARBURATORE VW SOLEX PICT Nuovo mai usato. Il prezzo \\\"compralo subito\\\" \u00e8 per ogni unit\u00e0. La vendita \u00e8 per ogni unit\u00e0. &nbsp;\",\"breadcrumb\":{\"@id\":\"https:\/\/carburatori-italia.it\/negozio\/vw-solex-pict-shaft-return-spring\/#breadcrumb\"},\"inLanguage\":\"en-GB\",\"potentialAction\":[{\"@type\":\"ReadAction\",\"target\":[\"https:\/\/carburatori-italia.it\/negozio\/vw-solex-pict-shaft-return-spring\/\"]}]},{\"@type\":\"ImageObject\",\"inLanguage\":\"en-GB\",\"@id\":\"https:\/\/carburatori-italia.it\/negozio\/vw-solex-pict-shaft-return-spring\/#primaryimage\",\"url\":\"https:\/\/carburatori-italia.it\/wp-content\/uploads\/2019\/11\/CL-5d4efb8d0cd7e0.43175011.jpg\",\"contentUrl\":\"https:\/\/carburatori-italia.it\/wp-content\/uploads\/2019\/11\/CL-5d4efb8d0cd7e0.43175011.jpg\",\"width\":1000,\"height\":1000,\"caption\":\"VW SOLEX PICT SHAFT RETURN SPRING\"},{\"@type\":\"BreadcrumbList\",\"@id\":\"https:\/\/carburatori-italia.it\/negozio\/vw-solex-pict-shaft-return-spring\/#breadcrumb\",\"itemListElement\":[{\"@type\":\"ListItem\",\"position\":1,\"name\":\"Home\",\"item\":\"https:\/\/carburatori-italia.it\/\"},{\"@type\":\"ListItem\",\"position\":2,\"name\":\"Shop\",\"item\":\"https:\/\/carburatori-italia.it\/en\/negozio\/\"},{\"@type\":\"ListItem\",\"position\":3,\"name\":\"MOLLA DI RITORNO ALBERO VW SOLEX PICT\"}]},{\"@type\":\"WebSite\",\"@id\":\"https:\/\/carburatori-italia.it\/en\/#website\",\"url\":\"https:\/\/carburatori-italia.it\/en\/\",\"name\":\"Carburatori Italia\",\"description\":\"Rivendita e Riparazione Carburatori Weber, Dell&#039;Orto, Solex e Ricambistica\",\"potentialAction\":[{\"@type\":\"SearchAction\",\"target\":{\"@type\":\"EntryPoint\",\"urlTemplate\":\"https:\/\/carburatori-italia.it\/en\/?s={search_term_string}\"},\"query-input\":{\"@type\":\"PropertyValueSpecification\",\"valueRequired\":true,\"valueName\":\"search_term_string\"}}],\"inLanguage\":\"en-GB\"}]}<\/script>\n<!-- \/ Yoast SEO plugin. -->","yoast_head_json":{"title":"MOLLA DI RITORNO ALBERO VW SOLEX PICT - Carburatori Italia","description":"MOLLA DI RITORNO ALBERO VW SOLEX PICT MOLLA DI RITORNO ALBERO CARBURATORE VW SOLEX PICT Nuovo mai usato. Il prezzo \"compralo subito\" \u00e8 per ogni unit\u00e0. La vendita \u00e8 per ogni unit\u00e0. &nbsp;","robots":{"index":"index","follow":"follow","max-snippet":"max-snippet:-1","max-image-preview":"max-image-preview:large","max-video-preview":"max-video-preview:-1"},"canonical":"https:\/\/carburatori-italia.it\/en\/negozio\/vw-solex-pict-shaft-return-spring\/","og_locale":"en_GB","og_type":"article","og_title":"MOLLA DI RITORNO ALBERO VW SOLEX PICT - Carburatori Italia","og_description":"MOLLA DI RITORNO ALBERO VW SOLEX PICT MOLLA DI RITORNO ALBERO CARBURATORE VW SOLEX PICT Nuovo mai usato. Il prezzo \"compralo subito\" \u00e8 per ogni unit\u00e0. La vendita \u00e8 per ogni unit\u00e0. &nbsp;","og_url":"https:\/\/carburatori-italia.it\/en\/negozio\/vw-solex-pict-shaft-return-spring\/","og_site_name":"Carburatori Italia","article_modified_time":"2026-01-09T17:24:46+00:00","og_image":[{"width":1000,"height":1000,"url":"https:\/\/carburatori-italia.it\/wp-content\/uploads\/2019\/11\/CL-5d4efb8d0cd7e0.43175011.jpg","type":"image\/jpeg"}],"twitter_card":"summary_large_image","twitter_misc":{"Estimated reading time":"1 minute"},"schema":{"@context":"https:\/\/schema.org","@graph":[{"@type":"WebPage","@id":"https:\/\/carburatori-italia.it\/negozio\/vw-solex-pict-shaft-return-spring\/","url":"https:\/\/carburatori-italia.it\/negozio\/vw-solex-pict-shaft-return-spring\/","name":"MOLLA DI RITORNO ALBERO VW SOLEX PICT - Carburatori Italia","isPartOf":{"@id":"https:\/\/carburatori-italia.it\/en\/#website"},"primaryImageOfPage":{"@id":"https:\/\/carburatori-italia.it\/negozio\/vw-solex-pict-shaft-return-spring\/#primaryimage"},"image":{"@id":"https:\/\/carburatori-italia.it\/negozio\/vw-solex-pict-shaft-return-spring\/#primaryimage"},"thumbnailUrl":"https:\/\/carburatori-italia.it\/wp-content\/uploads\/2019\/11\/CL-5d4efb8d0cd7e0.43175011.jpg","datePublished":"2019-11-21T15:35:03+00:00","dateModified":"2026-01-09T17:24:46+00:00","description":"MOLLA DI RITORNO ALBERO VW SOLEX PICT MOLLA DI RITORNO ALBERO CARBURATORE VW SOLEX PICT Nuovo mai usato. Il prezzo \"compralo subito\" \u00e8 per ogni unit\u00e0. La vendita \u00e8 per ogni unit\u00e0. &nbsp;","breadcrumb":{"@id":"https:\/\/carburatori-italia.it\/negozio\/vw-solex-pict-shaft-return-spring\/#breadcrumb"},"inLanguage":"en-GB","potentialAction":[{"@type":"ReadAction","target":["https:\/\/carburatori-italia.it\/negozio\/vw-solex-pict-shaft-return-spring\/"]}]},{"@type":"ImageObject","inLanguage":"en-GB","@id":"https:\/\/carburatori-italia.it\/negozio\/vw-solex-pict-shaft-return-spring\/#primaryimage","url":"https:\/\/carburatori-italia.it\/wp-content\/uploads\/2019\/11\/CL-5d4efb8d0cd7e0.43175011.jpg","contentUrl":"https:\/\/carburatori-italia.it\/wp-content\/uploads\/2019\/11\/CL-5d4efb8d0cd7e0.43175011.jpg","width":1000,"height":1000,"caption":"VW SOLEX PICT SHAFT RETURN SPRING"},{"@type":"BreadcrumbList","@id":"https:\/\/carburatori-italia.it\/negozio\/vw-solex-pict-shaft-return-spring\/#breadcrumb","itemListElement":[{"@type":"ListItem","position":1,"name":"Home","item":"https:\/\/carburatori-italia.it\/"},{"@type":"ListItem","position":2,"name":"Shop","item":"https:\/\/carburatori-italia.it\/en\/negozio\/"},{"@type":"ListItem","position":3,"name":"MOLLA DI RITORNO ALBERO VW SOLEX PICT"}]},{"@type":"WebSite","@id":"https:\/\/carburatori-italia.it\/en\/#website","url":"https:\/\/carburatori-italia.it\/en\/","name":"Carburettors Italy","description":"Resale and Repair of Weber, Dell &amp; #039; Orto, Solex and Spare Parts","potentialAction":[{"@type":"SearchAction","target":{"@type":"EntryPoint","urlTemplate":"https:\/\/carburatori-italia.it\/en\/?s={search_term_string}"},"query-input":{"@type":"PropertyValueSpecification","valueRequired":true,"valueName":"search_term_string"}}],"inLanguage":"en-GB"}]}},"_links":{"self":[{"href":"https:\/\/carburatori-italia.it\/en\/wp-json\/wp\/v2\/product\/18003","targetHints":{"allow":["GET"]}}],"collection":[{"href":"https:\/\/carburatori-italia.it\/en\/wp-json\/wp\/v2\/product"}],"about":[{"href":"https:\/\/carburatori-italia.it\/en\/wp-json\/wp\/v2\/types\/product"}],"replies":[{"embeddable":true,"href":"https:\/\/carburatori-italia.it\/en\/wp-json\/wp\/v2\/comments?post=18003"}],"wp:featuredmedia":[{"embeddable":true,"href":"https:\/\/carburatori-italia.it\/en\/wp-json\/wp\/v2\/media\/14673"}],"wp:attachment":[{"href":"https:\/\/carburatori-italia.it\/en\/wp-json\/wp\/v2\/media?parent=18003"}],"wp:term":[{"taxonomy":"product_cat","embeddable":true,"href":"https:\/\/carburatori-italia.it\/en\/wp-json\/wp\/v2\/product_cat?post=18003"},{"taxonomy":"product_tag","embeddable":true,"href":"https:\/\/carburatori-italia.it\/en\/wp-json\/wp\/v2\/product_tag?post=18003"}],"curies":[{"name":"wp","href":"https:\/\/api.w.org\/{rel}","templated":true}]}}