{"id":18048,"date":"2019-11-21T16:36:07","date_gmt":"2019-11-21T15:36:07","guid":{"rendered":"http:\/\/carburatori-italia.it\/prodotto\/solex-44-phh-carburetor-pump-diaphragm\/"},"modified":"2026-04-07T23:57:15","modified_gmt":"2026-04-07T21:57:15","slug":"solex-44-phh-carburetor-pump-diaphragm","status":"publish","type":"product","link":"https:\/\/carburatori-italia.it\/en\/negozio\/solex-44-phh-carburetor-pump-diaphragm\/","title":{"rendered":"MERCEDES 190 SL SOLEX 44 PHH PUMP DIAPHRAGM ORIGINAL EFFBE"},"content":{"rendered":"<div>\n<div>\n<div><\/div>\n<\/div>\n<div><\/div>\n<p><strong>SOLEX 44 PHH CARBURETORS DIAPHRAGM PUMP<\/strong><\/p>\n<p>New never used<\/p>\n<p>the sale is for two units as shown in the photo<\/p>\n<p>it can be supplied with a thickness of 0.2 mm or a thickness of 0.4 mm<\/p>\n<p>if no note is included by seller the version from will be sent<strong> 0.2 mm<\/strong><\/p>\n<p>For solex 40 PHH carburetors with BMW application<\/p>\n<\/div>\n<p>&nbsp;<\/p>","protected":false},"excerpt":{"rendered":"<p>SOLEX 44 PHH CARBURETORS DIAPHRAGM PUMP New never used the sale is for two units as shown in the photo it can be<\/p>","protected":false},"featured_media":21072,"comment_status":"closed","ping_status":"closed","template":"","meta":[],"product_cat":[334,559,600],"product_tag":[],"class_list":["post-18048","product","type-product","status-publish","has-post-thumbnail","hentry","product_cat-solex-it","product_cat-carburetor-parts","product_cat-44-phh","pa_condizione-new","tm-no-options"],"yoast_head":"<!-- This site is optimized with the Yoast SEO plugin v26.7 - https:\/\/yoast.com\/wordpress\/plugins\/seo\/ -->\n<title>SOLEX 44 PHH MEMBRANA POMPA CARBURATORE ORIGINALE EFFBE - Carburatori Italia<\/title>\n<meta name=\"description\" content=\"SOLEX 44 PHH MEMBRANA POMPA CARBURATORE ORIGINALE EFFBE SOLEX 44 PHH CARBURATORI DIAFRAMMA POMPA Nuovo mai usato la vendita \u00e8 per due unit\u00e0 come da foto pu\u00f2 essere fornito con uno spessore di 0,2 mm o uno\" \/>\n<meta name=\"robots\" content=\"index, follow, max-snippet:-1, max-image-preview:large, max-video-preview:-1\" \/>\n<link rel=\"canonical\" href=\"https:\/\/carburatori-italia.it\/en\/negozio\/solex-44-phh-carburetor-pump-diaphragm\/\" \/>\n<meta property=\"og:locale\" content=\"en_GB\" \/>\n<meta property=\"og:type\" content=\"article\" \/>\n<meta property=\"og:title\" content=\"SOLEX 44 PHH MEMBRANA POMPA CARBURATORE ORIGINALE EFFBE - Carburatori Italia\" \/>\n<meta property=\"og:description\" content=\"SOLEX 44 PHH MEMBRANA POMPA CARBURATORE ORIGINALE EFFBE SOLEX 44 PHH CARBURATORI DIAFRAMMA POMPA Nuovo mai usato la vendita \u00e8 per due unit\u00e0 come da foto pu\u00f2 essere fornito con uno spessore di 0,2 mm o uno\" \/>\n<meta property=\"og:url\" content=\"https:\/\/carburatori-italia.it\/en\/negozio\/solex-44-phh-carburetor-pump-diaphragm\/\" \/>\n<meta property=\"og:site_name\" content=\"Carburatori Italia\" \/>\n<meta property=\"article:modified_time\" content=\"2026-04-07T21:57:15+00:00\" \/>\n<meta property=\"og:image\" content=\"https:\/\/carburatori-italia.it\/wp-content\/uploads\/2019\/11\/CL-5d4efbc872fef5.36474694.jpg\" \/>\n\t<meta property=\"og:image:width\" content=\"1000\" \/>\n\t<meta property=\"og:image:height\" content=\"1000\" \/>\n\t<meta property=\"og:image:type\" content=\"image\/jpeg\" \/>\n<meta name=\"twitter:card\" content=\"summary_large_image\" \/>\n<meta name=\"twitter:label1\" content=\"Estimated reading time\" \/>\n\t<meta name=\"twitter:data1\" content=\"1 minute\" \/>\n<script type=\"application\/ld+json\" class=\"yoast-schema-graph\">{\"@context\":\"https:\/\/schema.org\",\"@graph\":[{\"@type\":\"WebPage\",\"@id\":\"https:\/\/carburatori-italia.it\/negozio\/solex-44-phh-carburetor-pump-diaphragm\/\",\"url\":\"https:\/\/carburatori-italia.it\/negozio\/solex-44-phh-carburetor-pump-diaphragm\/\",\"name\":\"SOLEX 44 PHH MEMBRANA POMPA CARBURATORE ORIGINALE EFFBE - Carburatori Italia\",\"isPartOf\":{\"@id\":\"https:\/\/carburatori-italia.it\/en\/#website\"},\"primaryImageOfPage\":{\"@id\":\"https:\/\/carburatori-italia.it\/negozio\/solex-44-phh-carburetor-pump-diaphragm\/#primaryimage\"},\"image\":{\"@id\":\"https:\/\/carburatori-italia.it\/negozio\/solex-44-phh-carburetor-pump-diaphragm\/#primaryimage\"},\"thumbnailUrl\":\"https:\/\/carburatori-italia.it\/wp-content\/uploads\/2019\/11\/CL-5d4efbc872fef5.36474694.jpg\",\"datePublished\":\"2019-11-21T15:36:07+00:00\",\"dateModified\":\"2026-04-07T21:57:15+00:00\",\"description\":\"SOLEX 44 PHH MEMBRANA POMPA CARBURATORE ORIGINALE EFFBE SOLEX 44 PHH CARBURATORI DIAFRAMMA POMPA Nuovo mai usato la vendita \u00e8 per due unit\u00e0 come da foto pu\u00f2 essere fornito con uno spessore di 0,2 mm o uno\",\"breadcrumb\":{\"@id\":\"https:\/\/carburatori-italia.it\/negozio\/solex-44-phh-carburetor-pump-diaphragm\/#breadcrumb\"},\"inLanguage\":\"en-GB\",\"potentialAction\":[{\"@type\":\"ReadAction\",\"target\":[\"https:\/\/carburatori-italia.it\/negozio\/solex-44-phh-carburetor-pump-diaphragm\/\"]}]},{\"@type\":\"ImageObject\",\"inLanguage\":\"en-GB\",\"@id\":\"https:\/\/carburatori-italia.it\/negozio\/solex-44-phh-carburetor-pump-diaphragm\/#primaryimage\",\"url\":\"https:\/\/carburatori-italia.it\/wp-content\/uploads\/2019\/11\/CL-5d4efbc872fef5.36474694.jpg\",\"contentUrl\":\"https:\/\/carburatori-italia.it\/wp-content\/uploads\/2019\/11\/CL-5d4efbc872fef5.36474694.jpg\",\"width\":1000,\"height\":1000,\"caption\":\"SOLEX 44 PHH CARBURETOR PUMP DIAPHRAGM\"},{\"@type\":\"BreadcrumbList\",\"@id\":\"https:\/\/carburatori-italia.it\/negozio\/solex-44-phh-carburetor-pump-diaphragm\/#breadcrumb\",\"itemListElement\":[{\"@type\":\"ListItem\",\"position\":1,\"name\":\"Home\",\"item\":\"https:\/\/carburatori-italia.it\/\"},{\"@type\":\"ListItem\",\"position\":2,\"name\":\"Shop\",\"item\":\"https:\/\/carburatori-italia.it\/en\/negozio\/\"},{\"@type\":\"ListItem\",\"position\":3,\"name\":\"SOLEX 44 PHH MEMBRANA POMPA CARBURATORE ORIGINALE EFFBE\"}]},{\"@type\":\"WebSite\",\"@id\":\"https:\/\/carburatori-italia.it\/en\/#website\",\"url\":\"https:\/\/carburatori-italia.it\/en\/\",\"name\":\"Carburatori Italia\",\"description\":\"Rivendita e Riparazione Carburatori Weber, Dell&#039;Orto, Solex e Ricambistica\",\"potentialAction\":[{\"@type\":\"SearchAction\",\"target\":{\"@type\":\"EntryPoint\",\"urlTemplate\":\"https:\/\/carburatori-italia.it\/en\/?s={search_term_string}\"},\"query-input\":{\"@type\":\"PropertyValueSpecification\",\"valueRequired\":true,\"valueName\":\"search_term_string\"}}],\"inLanguage\":\"en-GB\"}]}<\/script>\n<!-- \/ Yoast SEO plugin. -->","yoast_head_json":{"title":"SOLEX 44 PHH CARBURETTOR PUMP MEMBRANE GENUINE EFFBE - Carburettors Italy","description":"SOLEX 44 PHH MEMBRANE PUMP CARBURETTOR ORIGINAL EFFBE SOLEX 44 PHH CARBURETORS DIAPHRAGM PUMP New never used the sale is for two units as in the photo can be supplied with a thickness of 0.2 mm or one","robots":{"index":"index","follow":"follow","max-snippet":"max-snippet:-1","max-image-preview":"max-image-preview:large","max-video-preview":"max-video-preview:-1"},"canonical":"https:\/\/carburatori-italia.it\/en\/negozio\/solex-44-phh-carburetor-pump-diaphragm\/","og_locale":"en_GB","og_type":"article","og_title":"SOLEX 44 PHH MEMBRANA POMPA CARBURATORE ORIGINALE EFFBE - Carburatori Italia","og_description":"SOLEX 44 PHH MEMBRANA POMPA CARBURATORE ORIGINALE EFFBE SOLEX 44 PHH CARBURATORI DIAFRAMMA POMPA Nuovo mai usato la vendita \u00e8 per due unit\u00e0 come da foto pu\u00f2 essere fornito con uno spessore di 0,2 mm o uno","og_url":"https:\/\/carburatori-italia.it\/en\/negozio\/solex-44-phh-carburetor-pump-diaphragm\/","og_site_name":"Carburatori Italia","article_modified_time":"2026-04-07T21:57:15+00:00","og_image":[{"width":1000,"height":1000,"url":"https:\/\/carburatori-italia.it\/wp-content\/uploads\/2019\/11\/CL-5d4efbc872fef5.36474694.jpg","type":"image\/jpeg"}],"twitter_card":"summary_large_image","twitter_misc":{"Estimated reading time":"1 minute"},"schema":{"@context":"https:\/\/schema.org","@graph":[{"@type":"WebPage","@id":"https:\/\/carburatori-italia.it\/negozio\/solex-44-phh-carburetor-pump-diaphragm\/","url":"https:\/\/carburatori-italia.it\/negozio\/solex-44-phh-carburetor-pump-diaphragm\/","name":"SOLEX 44 PHH CARBURETTOR PUMP MEMBRANE GENUINE EFFBE - Carburettors Italy","isPartOf":{"@id":"https:\/\/carburatori-italia.it\/en\/#website"},"primaryImageOfPage":{"@id":"https:\/\/carburatori-italia.it\/negozio\/solex-44-phh-carburetor-pump-diaphragm\/#primaryimage"},"image":{"@id":"https:\/\/carburatori-italia.it\/negozio\/solex-44-phh-carburetor-pump-diaphragm\/#primaryimage"},"thumbnailUrl":"https:\/\/carburatori-italia.it\/wp-content\/uploads\/2019\/11\/CL-5d4efbc872fef5.36474694.jpg","datePublished":"2019-11-21T15:36:07+00:00","dateModified":"2026-04-07T21:57:15+00:00","description":"SOLEX 44 PHH MEMBRANE PUMP CARBURETTOR ORIGINAL EFFBE SOLEX 44 PHH CARBURETORS DIAPHRAGM PUMP New never used the sale is for two units as in the photo can be supplied with a thickness of 0.2 mm or one","breadcrumb":{"@id":"https:\/\/carburatori-italia.it\/negozio\/solex-44-phh-carburetor-pump-diaphragm\/#breadcrumb"},"inLanguage":"en-GB","potentialAction":[{"@type":"ReadAction","target":["https:\/\/carburatori-italia.it\/negozio\/solex-44-phh-carburetor-pump-diaphragm\/"]}]},{"@type":"ImageObject","inLanguage":"en-GB","@id":"https:\/\/carburatori-italia.it\/negozio\/solex-44-phh-carburetor-pump-diaphragm\/#primaryimage","url":"https:\/\/carburatori-italia.it\/wp-content\/uploads\/2019\/11\/CL-5d4efbc872fef5.36474694.jpg","contentUrl":"https:\/\/carburatori-italia.it\/wp-content\/uploads\/2019\/11\/CL-5d4efbc872fef5.36474694.jpg","width":1000,"height":1000,"caption":"SOLEX 44 PHH CARBURETOR PUMP DIAPHRAGM"},{"@type":"BreadcrumbList","@id":"https:\/\/carburatori-italia.it\/negozio\/solex-44-phh-carburetor-pump-diaphragm\/#breadcrumb","itemListElement":[{"@type":"ListItem","position":1,"name":"Home","item":"https:\/\/carburatori-italia.it\/"},{"@type":"ListItem","position":2,"name":"Shop","item":"https:\/\/carburatori-italia.it\/en\/negozio\/"},{"@type":"ListItem","position":3,"name":"SOLEX 44 PHH MEMBRANA POMPA CARBURATORE ORIGINALE EFFBE"}]},{"@type":"WebSite","@id":"https:\/\/carburatori-italia.it\/en\/#website","url":"https:\/\/carburatori-italia.it\/en\/","name":"Carburettors Italy","description":"Resale and Repair of Weber, Dell &amp; #039; Orto, Solex and Spare Parts","potentialAction":[{"@type":"SearchAction","target":{"@type":"EntryPoint","urlTemplate":"https:\/\/carburatori-italia.it\/en\/?s={search_term_string}"},"query-input":{"@type":"PropertyValueSpecification","valueRequired":true,"valueName":"search_term_string"}}],"inLanguage":"en-GB"}]}},"_links":{"self":[{"href":"https:\/\/carburatori-italia.it\/en\/wp-json\/wp\/v2\/product\/18048","targetHints":{"allow":["GET"]}}],"collection":[{"href":"https:\/\/carburatori-italia.it\/en\/wp-json\/wp\/v2\/product"}],"about":[{"href":"https:\/\/carburatori-italia.it\/en\/wp-json\/wp\/v2\/types\/product"}],"replies":[{"embeddable":true,"href":"https:\/\/carburatori-italia.it\/en\/wp-json\/wp\/v2\/comments?post=18048"}],"wp:featuredmedia":[{"embeddable":true,"href":"https:\/\/carburatori-italia.it\/en\/wp-json\/wp\/v2\/media\/21072"}],"wp:attachment":[{"href":"https:\/\/carburatori-italia.it\/en\/wp-json\/wp\/v2\/media?parent=18048"}],"wp:term":[{"taxonomy":"product_cat","embeddable":true,"href":"https:\/\/carburatori-italia.it\/en\/wp-json\/wp\/v2\/product_cat?post=18048"},{"taxonomy":"product_tag","embeddable":true,"href":"https:\/\/carburatori-italia.it\/en\/wp-json\/wp\/v2\/product_tag?post=18048"}],"curies":[{"name":"wp","href":"https:\/\/api.w.org\/{rel}","templated":true}]}}