{"id":219386,"date":"2023-11-16T16:38:10","date_gmt":"2023-11-16T15:38:10","guid":{"rendered":"https:\/\/carburatori-italia.it\/?post_type=product&#038;p=219386"},"modified":"2026-01-09T18:22:38","modified_gmt":"2026-01-09T17:22:38","slug":"weber-38-dco-carburatore-ausiliario-venturi-4-5","status":"publish","type":"product","link":"https:\/\/carburatori-italia.it\/en\/negozio\/weber-38-dco-carburatore-ausiliario-venturi-4-5\/","title":{"rendered":"WEBER 38 DCO AUXILIARY CARBURETTOR VENTURI 4.5"},"content":{"rendered":"<p>WEBER 38 DCO VENTURI AUXILIARY CARBURETTOR.<br \/>\nTYPE 4.5.<br \/>\nthe external diameter is 38 mm.<br \/>\nThe \u201cbuy it now\u201d is for a single unit, as pictured<\/p>","protected":false},"excerpt":{"rendered":"<p>CARBURATORE WEBER 38 DCO VENTURI AUSILIARIO. TIPO 4.5. il diametro esterno \u00e8 di 38 mm. Il &#8220;compralo subito&#8221; \u00e8 per<\/p>","protected":false},"featured_media":219387,"comment_status":"closed","ping_status":"closed","template":"","meta":[],"product_cat":[308],"product_tag":[],"class_list":["post-219386","product","type-product","status-publish","has-post-thumbnail","hentry","product_cat-carburatori","tm-no-options"],"yoast_head":"<!-- This site is optimized with the Yoast SEO plugin v26.7 - https:\/\/yoast.com\/wordpress\/plugins\/seo\/ -->\n<title>WEBER 38 DCO CARBURATORE AUSILIARIO VENTURI 4.5 - Carburatori Italia<\/title>\n<meta name=\"description\" content=\"WEBER 38 DCO CARBURATORE AUSILIARIO VENTURI 4.5 CARBURATORE WEBER 38 DCO VENTURI AUSILIARIO. TIPO 4.5. il diametro esterno \u00e8 di 38 mm. Il &quot;compralo subito&quot; \u00e8 per una singola unit\u00e0, come nella foto\" \/>\n<meta name=\"robots\" content=\"index, follow, max-snippet:-1, max-image-preview:large, max-video-preview:-1\" \/>\n<link rel=\"canonical\" href=\"https:\/\/carburatori-italia.it\/en\/negozio\/weber-38-dco-carburatore-ausiliario-venturi-4-5\/\" \/>\n<meta property=\"og:locale\" content=\"en_GB\" \/>\n<meta property=\"og:type\" content=\"article\" \/>\n<meta property=\"og:title\" content=\"WEBER 38 DCO CARBURATORE AUSILIARIO VENTURI 4.5 - Carburatori Italia\" \/>\n<meta property=\"og:description\" content=\"WEBER 38 DCO CARBURATORE AUSILIARIO VENTURI 4.5 CARBURATORE WEBER 38 DCO VENTURI AUSILIARIO. TIPO 4.5. il diametro esterno \u00e8 di 38 mm. Il &quot;compralo subito&quot; \u00e8 per una singola unit\u00e0, come nella foto\" \/>\n<meta property=\"og:url\" content=\"https:\/\/carburatori-italia.it\/en\/negozio\/weber-38-dco-carburatore-ausiliario-venturi-4-5\/\" \/>\n<meta property=\"og:site_name\" content=\"Carburatori Italia\" \/>\n<meta property=\"article:modified_time\" content=\"2026-01-09T17:22:38+00:00\" \/>\n<meta property=\"og:image\" content=\"https:\/\/carburatori-italia.it\/wp-content\/uploads\/2023\/11\/WEBER-38-DCO-CARBURATORE-AUSILIARIO-VENTURI-4.5.jpg\" \/>\n\t<meta property=\"og:image:width\" content=\"1600\" \/>\n\t<meta property=\"og:image:height\" content=\"1200\" \/>\n\t<meta property=\"og:image:type\" content=\"image\/jpeg\" \/>\n<meta name=\"twitter:card\" content=\"summary_large_image\" \/>\n<meta name=\"twitter:label1\" content=\"Estimated reading time\" \/>\n\t<meta name=\"twitter:data1\" content=\"1 minute\" \/>\n<script type=\"application\/ld+json\" class=\"yoast-schema-graph\">{\"@context\":\"https:\/\/schema.org\",\"@graph\":[{\"@type\":\"WebPage\",\"@id\":\"https:\/\/carburatori-italia.it\/negozio\/weber-38-dco-carburatore-ausiliario-venturi-4-5\/\",\"url\":\"https:\/\/carburatori-italia.it\/negozio\/weber-38-dco-carburatore-ausiliario-venturi-4-5\/\",\"name\":\"WEBER 38 DCO CARBURATORE AUSILIARIO VENTURI 4.5 - Carburatori Italia\",\"isPartOf\":{\"@id\":\"https:\/\/carburatori-italia.it\/en\/#website\"},\"primaryImageOfPage\":{\"@id\":\"https:\/\/carburatori-italia.it\/negozio\/weber-38-dco-carburatore-ausiliario-venturi-4-5\/#primaryimage\"},\"image\":{\"@id\":\"https:\/\/carburatori-italia.it\/negozio\/weber-38-dco-carburatore-ausiliario-venturi-4-5\/#primaryimage\"},\"thumbnailUrl\":\"https:\/\/carburatori-italia.it\/wp-content\/uploads\/2023\/11\/WEBER-38-DCO-CARBURATORE-AUSILIARIO-VENTURI-4.5.jpg\",\"datePublished\":\"2023-11-16T15:38:10+00:00\",\"dateModified\":\"2026-01-09T17:22:38+00:00\",\"description\":\"WEBER 38 DCO CARBURATORE AUSILIARIO VENTURI 4.5 CARBURATORE WEBER 38 DCO VENTURI AUSILIARIO. TIPO 4.5. il diametro esterno \u00e8 di 38 mm. Il \\\"compralo subito\\\" \u00e8 per una singola unit\u00e0, come nella foto\",\"breadcrumb\":{\"@id\":\"https:\/\/carburatori-italia.it\/negozio\/weber-38-dco-carburatore-ausiliario-venturi-4-5\/#breadcrumb\"},\"inLanguage\":\"en-GB\",\"potentialAction\":[{\"@type\":\"ReadAction\",\"target\":[\"https:\/\/carburatori-italia.it\/negozio\/weber-38-dco-carburatore-ausiliario-venturi-4-5\/\"]}]},{\"@type\":\"ImageObject\",\"inLanguage\":\"en-GB\",\"@id\":\"https:\/\/carburatori-italia.it\/negozio\/weber-38-dco-carburatore-ausiliario-venturi-4-5\/#primaryimage\",\"url\":\"https:\/\/carburatori-italia.it\/wp-content\/uploads\/2023\/11\/WEBER-38-DCO-CARBURATORE-AUSILIARIO-VENTURI-4.5.jpg\",\"contentUrl\":\"https:\/\/carburatori-italia.it\/wp-content\/uploads\/2023\/11\/WEBER-38-DCO-CARBURATORE-AUSILIARIO-VENTURI-4.5.jpg\",\"width\":1600,\"height\":1200},{\"@type\":\"BreadcrumbList\",\"@id\":\"https:\/\/carburatori-italia.it\/negozio\/weber-38-dco-carburatore-ausiliario-venturi-4-5\/#breadcrumb\",\"itemListElement\":[{\"@type\":\"ListItem\",\"position\":1,\"name\":\"Home\",\"item\":\"https:\/\/carburatori-italia.it\/\"},{\"@type\":\"ListItem\",\"position\":2,\"name\":\"Shop\",\"item\":\"https:\/\/carburatori-italia.it\/en\/negozio\/\"},{\"@type\":\"ListItem\",\"position\":3,\"name\":\"WEBER 38 DCO CARBURATORE AUSILIARIO VENTURI 4.5\"}]},{\"@type\":\"WebSite\",\"@id\":\"https:\/\/carburatori-italia.it\/en\/#website\",\"url\":\"https:\/\/carburatori-italia.it\/en\/\",\"name\":\"Carburatori Italia\",\"description\":\"Rivendita e Riparazione Carburatori Weber, Dell&#039;Orto, Solex e Ricambistica\",\"potentialAction\":[{\"@type\":\"SearchAction\",\"target\":{\"@type\":\"EntryPoint\",\"urlTemplate\":\"https:\/\/carburatori-italia.it\/en\/?s={search_term_string}\"},\"query-input\":{\"@type\":\"PropertyValueSpecification\",\"valueRequired\":true,\"valueName\":\"search_term_string\"}}],\"inLanguage\":\"en-GB\"}]}<\/script>\n<!-- \/ Yoast SEO plugin. -->","yoast_head_json":{"title":"WEBER 38 DCO CARBURATORE AUSILIARIO VENTURI 4.5 - Carburatori Italia","description":"WEBER 38 DCO CARBURATORE AUSILIARIO VENTURI 4.5 CARBURATORE WEBER 38 DCO VENTURI AUSILIARIO. TIPO 4.5. il diametro esterno \u00e8 di 38 mm. Il \"compralo subito\" \u00e8 per una singola unit\u00e0, come nella foto","robots":{"index":"index","follow":"follow","max-snippet":"max-snippet:-1","max-image-preview":"max-image-preview:large","max-video-preview":"max-video-preview:-1"},"canonical":"https:\/\/carburatori-italia.it\/en\/negozio\/weber-38-dco-carburatore-ausiliario-venturi-4-5\/","og_locale":"en_GB","og_type":"article","og_title":"WEBER 38 DCO CARBURATORE AUSILIARIO VENTURI 4.5 - Carburatori Italia","og_description":"WEBER 38 DCO CARBURATORE AUSILIARIO VENTURI 4.5 CARBURATORE WEBER 38 DCO VENTURI AUSILIARIO. TIPO 4.5. il diametro esterno \u00e8 di 38 mm. Il \"compralo subito\" \u00e8 per una singola unit\u00e0, come nella foto","og_url":"https:\/\/carburatori-italia.it\/en\/negozio\/weber-38-dco-carburatore-ausiliario-venturi-4-5\/","og_site_name":"Carburatori Italia","article_modified_time":"2026-01-09T17:22:38+00:00","og_image":[{"width":1600,"height":1200,"url":"https:\/\/carburatori-italia.it\/wp-content\/uploads\/2023\/11\/WEBER-38-DCO-CARBURATORE-AUSILIARIO-VENTURI-4.5.jpg","type":"image\/jpeg"}],"twitter_card":"summary_large_image","twitter_misc":{"Estimated reading time":"1 minute"},"schema":{"@context":"https:\/\/schema.org","@graph":[{"@type":"WebPage","@id":"https:\/\/carburatori-italia.it\/negozio\/weber-38-dco-carburatore-ausiliario-venturi-4-5\/","url":"https:\/\/carburatori-italia.it\/negozio\/weber-38-dco-carburatore-ausiliario-venturi-4-5\/","name":"WEBER 38 DCO CARBURATORE AUSILIARIO VENTURI 4.5 - Carburatori Italia","isPartOf":{"@id":"https:\/\/carburatori-italia.it\/en\/#website"},"primaryImageOfPage":{"@id":"https:\/\/carburatori-italia.it\/negozio\/weber-38-dco-carburatore-ausiliario-venturi-4-5\/#primaryimage"},"image":{"@id":"https:\/\/carburatori-italia.it\/negozio\/weber-38-dco-carburatore-ausiliario-venturi-4-5\/#primaryimage"},"thumbnailUrl":"https:\/\/carburatori-italia.it\/wp-content\/uploads\/2023\/11\/WEBER-38-DCO-CARBURATORE-AUSILIARIO-VENTURI-4.5.jpg","datePublished":"2023-11-16T15:38:10+00:00","dateModified":"2026-01-09T17:22:38+00:00","description":"WEBER 38 DCO CARBURATORE AUSILIARIO VENTURI 4.5 CARBURATORE WEBER 38 DCO VENTURI AUSILIARIO. TIPO 4.5. il diametro esterno \u00e8 di 38 mm. Il \"compralo subito\" \u00e8 per una singola unit\u00e0, come nella foto","breadcrumb":{"@id":"https:\/\/carburatori-italia.it\/negozio\/weber-38-dco-carburatore-ausiliario-venturi-4-5\/#breadcrumb"},"inLanguage":"en-GB","potentialAction":[{"@type":"ReadAction","target":["https:\/\/carburatori-italia.it\/negozio\/weber-38-dco-carburatore-ausiliario-venturi-4-5\/"]}]},{"@type":"ImageObject","inLanguage":"en-GB","@id":"https:\/\/carburatori-italia.it\/negozio\/weber-38-dco-carburatore-ausiliario-venturi-4-5\/#primaryimage","url":"https:\/\/carburatori-italia.it\/wp-content\/uploads\/2023\/11\/WEBER-38-DCO-CARBURATORE-AUSILIARIO-VENTURI-4.5.jpg","contentUrl":"https:\/\/carburatori-italia.it\/wp-content\/uploads\/2023\/11\/WEBER-38-DCO-CARBURATORE-AUSILIARIO-VENTURI-4.5.jpg","width":1600,"height":1200},{"@type":"BreadcrumbList","@id":"https:\/\/carburatori-italia.it\/negozio\/weber-38-dco-carburatore-ausiliario-venturi-4-5\/#breadcrumb","itemListElement":[{"@type":"ListItem","position":1,"name":"Home","item":"https:\/\/carburatori-italia.it\/"},{"@type":"ListItem","position":2,"name":"Shop","item":"https:\/\/carburatori-italia.it\/en\/negozio\/"},{"@type":"ListItem","position":3,"name":"WEBER 38 DCO CARBURATORE AUSILIARIO VENTURI 4.5"}]},{"@type":"WebSite","@id":"https:\/\/carburatori-italia.it\/en\/#website","url":"https:\/\/carburatori-italia.it\/en\/","name":"Carburettors Italy","description":"Resale and Repair of Weber, Dell &amp; #039; Orto, Solex and Spare Parts","potentialAction":[{"@type":"SearchAction","target":{"@type":"EntryPoint","urlTemplate":"https:\/\/carburatori-italia.it\/en\/?s={search_term_string}"},"query-input":{"@type":"PropertyValueSpecification","valueRequired":true,"valueName":"search_term_string"}}],"inLanguage":"en-GB"}]}},"_links":{"self":[{"href":"https:\/\/carburatori-italia.it\/en\/wp-json\/wp\/v2\/product\/219386","targetHints":{"allow":["GET"]}}],"collection":[{"href":"https:\/\/carburatori-italia.it\/en\/wp-json\/wp\/v2\/product"}],"about":[{"href":"https:\/\/carburatori-italia.it\/en\/wp-json\/wp\/v2\/types\/product"}],"replies":[{"embeddable":true,"href":"https:\/\/carburatori-italia.it\/en\/wp-json\/wp\/v2\/comments?post=219386"}],"wp:featuredmedia":[{"embeddable":true,"href":"https:\/\/carburatori-italia.it\/en\/wp-json\/wp\/v2\/media\/219387"}],"wp:attachment":[{"href":"https:\/\/carburatori-italia.it\/en\/wp-json\/wp\/v2\/media?parent=219386"}],"wp:term":[{"taxonomy":"product_cat","embeddable":true,"href":"https:\/\/carburatori-italia.it\/en\/wp-json\/wp\/v2\/product_cat?post=219386"},{"taxonomy":"product_tag","embeddable":true,"href":"https:\/\/carburatori-italia.it\/en\/wp-json\/wp\/v2\/product_tag?post=219386"}],"curies":[{"name":"wp","href":"https:\/\/api.w.org\/{rel}","templated":true}]}}