{"id":221915,"date":"2025-09-15T19:32:37","date_gmt":"2025-09-15T17:32:37","guid":{"rendered":"https:\/\/carburatori-italia.it\/?post_type=product&#038;p=221915"},"modified":"2026-01-09T18:22:23","modified_gmt":"2026-01-09T17:22:23","slug":"capsula-del-meccanismo-della-pompa-del-carburatore-weber-36-dr","status":"publish","type":"product","link":"https:\/\/carburatori-italia.it\/en\/negozio\/capsula-del-meccanismo-della-pompa-del-carburatore-weber-36-dr\/","title":{"rendered":"CAPSULA DEL MECCANISMO DELLA POMPA DEL CARBURATORE WEBER 36 DR"},"content":{"rendered":"<p>WEBER 36 DR CAPSULA DEL MECCANISMO DELLA POMPA DEL CARBURATORE<\/p>\n<pre id=\"tw-target-text\" class=\"tw-data-text tw-text-large tw-ta\" dir=\"ltr\" tabindex=\"-1\" role=\"text\" data-placeholder=\"Traduzione\" data-ved=\"2ahUKEwiKvfyjpduPAxXp8LsIHY9oI44Q3ewLegQIChAV\" aria-label=\"Testo tradotto: CAPSULA DEL MECCANISMO DELLA POMPA DEL CARBURATORE WEBER 36 DR NUOVO E MAI USATO. PRODOTTI GARANTITI! Il prezzo indicato \u00e8 per unit\u00e0. In caso di dubbi sulla compatibilit\u00e0, si prega di chiedere informazioni.\"><span class=\"Y2IQFc\" lang=\"it\">PRODOTTI GARANTITI!\r\n\r\nIl prezzo indicato \u00e8 per unit\u00e0.\r\n\r\nIn caso di dubbi sulla compatibilit\u00e0, si prega di chiedere informazioni.<\/span><\/pre>","protected":false},"excerpt":{"rendered":"<p>WEBER 36 DR CAPSULA DEL MECCANISMO DELLA POMPA DEL CARBURATORE PRODOTTI GARANTITI! Il prezzo indicato \u00e8 per unit\u00e0. In caso<\/p>","protected":false},"featured_media":221916,"comment_status":"closed","ping_status":"closed","template":"","meta":[],"product_cat":[308],"product_tag":[],"class_list":["post-221915","product","type-product","status-publish","has-post-thumbnail","hentry","product_cat-carburatori","tm-no-options"],"yoast_head":"<!-- This site is optimized with the Yoast SEO plugin v26.7 - https:\/\/yoast.com\/wordpress\/plugins\/seo\/ -->\n<title>CAPSULA DEL MECCANISMO DELLA POMPA DEL CARBURATORE WEBER 36 DR - Carburatori Italia<\/title>\n<meta name=\"description\" content=\"CAPSULA DEL MECCANISMO DELLA POMPA DEL CARBURATORE WEBER 36 DR WEBER 36 DR CAPSULA DEL MECCANISMO DELLA POMPA DEL CARBURATORE PRODOTTI GARANTITI! Il prezzo indicato \u00e8 per unit\u00e0. In caso di dubbi sulla compatibilit\u00e0,\" \/>\n<meta name=\"robots\" content=\"index, follow, max-snippet:-1, max-image-preview:large, max-video-preview:-1\" \/>\n<link rel=\"canonical\" href=\"https:\/\/carburatori-italia.it\/en\/negozio\/capsula-del-meccanismo-della-pompa-del-carburatore-weber-36-dr\/\" \/>\n<meta property=\"og:locale\" content=\"en_GB\" \/>\n<meta property=\"og:type\" content=\"article\" \/>\n<meta property=\"og:title\" content=\"CAPSULA DEL MECCANISMO DELLA POMPA DEL CARBURATORE WEBER 36 DR - Carburatori Italia\" \/>\n<meta property=\"og:description\" content=\"CAPSULA DEL MECCANISMO DELLA POMPA DEL CARBURATORE WEBER 36 DR WEBER 36 DR CAPSULA DEL MECCANISMO DELLA POMPA DEL CARBURATORE PRODOTTI GARANTITI! Il prezzo indicato \u00e8 per unit\u00e0. In caso di dubbi sulla compatibilit\u00e0,\" \/>\n<meta property=\"og:url\" content=\"https:\/\/carburatori-italia.it\/en\/negozio\/capsula-del-meccanismo-della-pompa-del-carburatore-weber-36-dr\/\" \/>\n<meta property=\"og:site_name\" content=\"Carburatori Italia\" \/>\n<meta property=\"article:modified_time\" content=\"2026-01-09T17:22:23+00:00\" \/>\n<meta property=\"og:image\" content=\"https:\/\/carburatori-italia.it\/wp-content\/uploads\/2025\/09\/s-l1600-3-e1757957418380.webp\" \/>\n\t<meta property=\"og:image:width\" content=\"600\" \/>\n\t<meta property=\"og:image:height\" content=\"800\" \/>\n\t<meta property=\"og:image:type\" content=\"image\/webp\" \/>\n<meta name=\"twitter:card\" content=\"summary_large_image\" \/>\n<meta name=\"twitter:label1\" content=\"Estimated reading time\" \/>\n\t<meta name=\"twitter:data1\" content=\"1 minute\" \/>\n<script type=\"application\/ld+json\" class=\"yoast-schema-graph\">{\"@context\":\"https:\/\/schema.org\",\"@graph\":[{\"@type\":\"WebPage\",\"@id\":\"https:\/\/carburatori-italia.it\/negozio\/capsula-del-meccanismo-della-pompa-del-carburatore-weber-36-dr\/\",\"url\":\"https:\/\/carburatori-italia.it\/negozio\/capsula-del-meccanismo-della-pompa-del-carburatore-weber-36-dr\/\",\"name\":\"CAPSULA DEL MECCANISMO DELLA POMPA DEL CARBURATORE WEBER 36 DR - Carburatori Italia\",\"isPartOf\":{\"@id\":\"https:\/\/carburatori-italia.it\/en\/#website\"},\"primaryImageOfPage\":{\"@id\":\"https:\/\/carburatori-italia.it\/negozio\/capsula-del-meccanismo-della-pompa-del-carburatore-weber-36-dr\/#primaryimage\"},\"image\":{\"@id\":\"https:\/\/carburatori-italia.it\/negozio\/capsula-del-meccanismo-della-pompa-del-carburatore-weber-36-dr\/#primaryimage\"},\"thumbnailUrl\":\"https:\/\/carburatori-italia.it\/wp-content\/uploads\/2025\/09\/s-l1600-3-e1757957418380.webp\",\"datePublished\":\"2025-09-15T17:32:37+00:00\",\"dateModified\":\"2026-01-09T17:22:23+00:00\",\"description\":\"CAPSULA DEL MECCANISMO DELLA POMPA DEL CARBURATORE WEBER 36 DR WEBER 36 DR CAPSULA DEL MECCANISMO DELLA POMPA DEL CARBURATORE PRODOTTI GARANTITI! Il prezzo indicato \u00e8 per unit\u00e0. In caso di dubbi sulla compatibilit\u00e0,\",\"breadcrumb\":{\"@id\":\"https:\/\/carburatori-italia.it\/negozio\/capsula-del-meccanismo-della-pompa-del-carburatore-weber-36-dr\/#breadcrumb\"},\"inLanguage\":\"en-GB\",\"potentialAction\":[{\"@type\":\"ReadAction\",\"target\":[\"https:\/\/carburatori-italia.it\/negozio\/capsula-del-meccanismo-della-pompa-del-carburatore-weber-36-dr\/\"]}]},{\"@type\":\"ImageObject\",\"inLanguage\":\"en-GB\",\"@id\":\"https:\/\/carburatori-italia.it\/negozio\/capsula-del-meccanismo-della-pompa-del-carburatore-weber-36-dr\/#primaryimage\",\"url\":\"https:\/\/carburatori-italia.it\/wp-content\/uploads\/2025\/09\/s-l1600-3-e1757957418380.webp\",\"contentUrl\":\"https:\/\/carburatori-italia.it\/wp-content\/uploads\/2025\/09\/s-l1600-3-e1757957418380.webp\",\"width\":600,\"height\":800},{\"@type\":\"BreadcrumbList\",\"@id\":\"https:\/\/carburatori-italia.it\/negozio\/capsula-del-meccanismo-della-pompa-del-carburatore-weber-36-dr\/#breadcrumb\",\"itemListElement\":[{\"@type\":\"ListItem\",\"position\":1,\"name\":\"Home\",\"item\":\"https:\/\/carburatori-italia.it\/\"},{\"@type\":\"ListItem\",\"position\":2,\"name\":\"Shop\",\"item\":\"https:\/\/carburatori-italia.it\/en\/negozio\/\"},{\"@type\":\"ListItem\",\"position\":3,\"name\":\"CAPSULA DEL MECCANISMO DELLA POMPA DEL CARBURATORE WEBER 36 DR\"}]},{\"@type\":\"WebSite\",\"@id\":\"https:\/\/carburatori-italia.it\/en\/#website\",\"url\":\"https:\/\/carburatori-italia.it\/en\/\",\"name\":\"Carburatori Italia\",\"description\":\"Rivendita e Riparazione Carburatori Weber, Dell&#039;Orto, Solex e Ricambistica\",\"potentialAction\":[{\"@type\":\"SearchAction\",\"target\":{\"@type\":\"EntryPoint\",\"urlTemplate\":\"https:\/\/carburatori-italia.it\/en\/?s={search_term_string}\"},\"query-input\":{\"@type\":\"PropertyValueSpecification\",\"valueRequired\":true,\"valueName\":\"search_term_string\"}}],\"inLanguage\":\"en-GB\"}]}<\/script>\n<!-- \/ Yoast SEO plugin. -->","yoast_head_json":{"title":"CAPSULA DEL MECCANISMO DELLA POMPA DEL CARBURATORE WEBER 36 DR - Carburatori Italia","description":"CAPSULA DEL MECCANISMO DELLA POMPA DEL CARBURATORE WEBER 36 DR WEBER 36 DR CAPSULA DEL MECCANISMO DELLA POMPA DEL CARBURATORE PRODOTTI GARANTITI! Il prezzo indicato \u00e8 per unit\u00e0. In caso di dubbi sulla compatibilit\u00e0,","robots":{"index":"index","follow":"follow","max-snippet":"max-snippet:-1","max-image-preview":"max-image-preview:large","max-video-preview":"max-video-preview:-1"},"canonical":"https:\/\/carburatori-italia.it\/en\/negozio\/capsula-del-meccanismo-della-pompa-del-carburatore-weber-36-dr\/","og_locale":"en_GB","og_type":"article","og_title":"CAPSULA DEL MECCANISMO DELLA POMPA DEL CARBURATORE WEBER 36 DR - Carburatori Italia","og_description":"CAPSULA DEL MECCANISMO DELLA POMPA DEL CARBURATORE WEBER 36 DR WEBER 36 DR CAPSULA DEL MECCANISMO DELLA POMPA DEL CARBURATORE PRODOTTI GARANTITI! Il prezzo indicato \u00e8 per unit\u00e0. In caso di dubbi sulla compatibilit\u00e0,","og_url":"https:\/\/carburatori-italia.it\/en\/negozio\/capsula-del-meccanismo-della-pompa-del-carburatore-weber-36-dr\/","og_site_name":"Carburatori Italia","article_modified_time":"2026-01-09T17:22:23+00:00","og_image":[{"width":600,"height":800,"url":"https:\/\/carburatori-italia.it\/wp-content\/uploads\/2025\/09\/s-l1600-3-e1757957418380.webp","type":"image\/webp"}],"twitter_card":"summary_large_image","twitter_misc":{"Estimated reading time":"1 minute"},"schema":{"@context":"https:\/\/schema.org","@graph":[{"@type":"WebPage","@id":"https:\/\/carburatori-italia.it\/negozio\/capsula-del-meccanismo-della-pompa-del-carburatore-weber-36-dr\/","url":"https:\/\/carburatori-italia.it\/negozio\/capsula-del-meccanismo-della-pompa-del-carburatore-weber-36-dr\/","name":"CAPSULA DEL MECCANISMO DELLA POMPA DEL CARBURATORE WEBER 36 DR - Carburatori Italia","isPartOf":{"@id":"https:\/\/carburatori-italia.it\/en\/#website"},"primaryImageOfPage":{"@id":"https:\/\/carburatori-italia.it\/negozio\/capsula-del-meccanismo-della-pompa-del-carburatore-weber-36-dr\/#primaryimage"},"image":{"@id":"https:\/\/carburatori-italia.it\/negozio\/capsula-del-meccanismo-della-pompa-del-carburatore-weber-36-dr\/#primaryimage"},"thumbnailUrl":"https:\/\/carburatori-italia.it\/wp-content\/uploads\/2025\/09\/s-l1600-3-e1757957418380.webp","datePublished":"2025-09-15T17:32:37+00:00","dateModified":"2026-01-09T17:22:23+00:00","description":"CAPSULA DEL MECCANISMO DELLA POMPA DEL CARBURATORE WEBER 36 DR WEBER 36 DR CAPSULA DEL MECCANISMO DELLA POMPA DEL CARBURATORE PRODOTTI GARANTITI! Il prezzo indicato \u00e8 per unit\u00e0. In caso di dubbi sulla compatibilit\u00e0,","breadcrumb":{"@id":"https:\/\/carburatori-italia.it\/negozio\/capsula-del-meccanismo-della-pompa-del-carburatore-weber-36-dr\/#breadcrumb"},"inLanguage":"en-GB","potentialAction":[{"@type":"ReadAction","target":["https:\/\/carburatori-italia.it\/negozio\/capsula-del-meccanismo-della-pompa-del-carburatore-weber-36-dr\/"]}]},{"@type":"ImageObject","inLanguage":"en-GB","@id":"https:\/\/carburatori-italia.it\/negozio\/capsula-del-meccanismo-della-pompa-del-carburatore-weber-36-dr\/#primaryimage","url":"https:\/\/carburatori-italia.it\/wp-content\/uploads\/2025\/09\/s-l1600-3-e1757957418380.webp","contentUrl":"https:\/\/carburatori-italia.it\/wp-content\/uploads\/2025\/09\/s-l1600-3-e1757957418380.webp","width":600,"height":800},{"@type":"BreadcrumbList","@id":"https:\/\/carburatori-italia.it\/negozio\/capsula-del-meccanismo-della-pompa-del-carburatore-weber-36-dr\/#breadcrumb","itemListElement":[{"@type":"ListItem","position":1,"name":"Home","item":"https:\/\/carburatori-italia.it\/"},{"@type":"ListItem","position":2,"name":"Shop","item":"https:\/\/carburatori-italia.it\/en\/negozio\/"},{"@type":"ListItem","position":3,"name":"CAPSULA DEL MECCANISMO DELLA POMPA DEL CARBURATORE WEBER 36 DR"}]},{"@type":"WebSite","@id":"https:\/\/carburatori-italia.it\/en\/#website","url":"https:\/\/carburatori-italia.it\/en\/","name":"Carburettors Italy","description":"Resale and Repair of Weber, Dell &amp; #039; Orto, Solex and Spare Parts","potentialAction":[{"@type":"SearchAction","target":{"@type":"EntryPoint","urlTemplate":"https:\/\/carburatori-italia.it\/en\/?s={search_term_string}"},"query-input":{"@type":"PropertyValueSpecification","valueRequired":true,"valueName":"search_term_string"}}],"inLanguage":"en-GB"}]}},"_links":{"self":[{"href":"https:\/\/carburatori-italia.it\/en\/wp-json\/wp\/v2\/product\/221915","targetHints":{"allow":["GET"]}}],"collection":[{"href":"https:\/\/carburatori-italia.it\/en\/wp-json\/wp\/v2\/product"}],"about":[{"href":"https:\/\/carburatori-italia.it\/en\/wp-json\/wp\/v2\/types\/product"}],"replies":[{"embeddable":true,"href":"https:\/\/carburatori-italia.it\/en\/wp-json\/wp\/v2\/comments?post=221915"}],"wp:featuredmedia":[{"embeddable":true,"href":"https:\/\/carburatori-italia.it\/en\/wp-json\/wp\/v2\/media\/221916"}],"wp:attachment":[{"href":"https:\/\/carburatori-italia.it\/en\/wp-json\/wp\/v2\/media?parent=221915"}],"wp:term":[{"taxonomy":"product_cat","embeddable":true,"href":"https:\/\/carburatori-italia.it\/en\/wp-json\/wp\/v2\/product_cat?post=221915"},{"taxonomy":"product_tag","embeddable":true,"href":"https:\/\/carburatori-italia.it\/en\/wp-json\/wp\/v2\/product_tag?post=221915"}],"curies":[{"name":"wp","href":"https:\/\/api.w.org\/{rel}","templated":true}]}}